{"id":128,"date":"2022-02-27T12:46:21","date_gmt":"2022-02-27T11:46:21","guid":{"rendered":"https:\/\/arenest.com\/?page_id=128"},"modified":"2022-03-14T19:18:19","modified_gmt":"2022-03-14T18:18:19","slug":"avis-legal-i-privacitat","status":"publish","type":"page","link":"https:\/\/arenest.com\/es\/avis-legal-i-privacitat\/","title":{"rendered":"Aviso legal y privacidad"},"content":{"rendered":"<section class=\"gb-container gb-container-4f3f2f0c\"><div class=\"gb-inside-container\">\n<div class=\"gb-grid-wrapper gb-grid-wrapper-7d105031\">\n<div class=\"gb-grid-column gb-grid-column-e3830b74\"><div class=\"gb-container gb-container-e3830b74\"><div class=\"gb-inside-container\">\n<h1 class=\"has-text-align-center wp-block-post-title has-text-color has-blanco-color\">Aviso legal y privacidad<\/h1>\n<\/div><\/div><\/div>\n<\/div>\n<\/div><\/section>\n\n<div class=\"gb-container gb-container-a37886e6\"><div class=\"gb-inside-container\">\n<div class=\"gb-grid-wrapper gb-grid-wrapper-95f89986\">\n<div class=\"gb-grid-column gb-grid-column-423491e8\"><div class=\"gb-container gb-container-423491e8\"><div class=\"gb-inside-container\">\n\n<h2 class=\"wp-block-heading\">Aviso legal<\/h2>\n\n\n\n<p>El titular de este sitio web es NEUS PRATS TUR, con N.I.F. 41448279W, con domicilio en Calle Avenida Diputat Josep Ribas, 28 , c\u00f3digo postal 07830 de Sant Josep de Sa Talaia (Illes Balears).<br><br>El acceso al site de NEUS PRATS TUR es gratuito. Todo el contenido es propiedad intelectual de NEUS PRATS TUR. Cualquier utilizaci\u00f3n de los mismos contraria a las normas en materia de propiedad intelectual ser\u00e1 perseguida con arreglo a la legislaci\u00f3n vigente.<\/p>\n\n\n\n<h2 class=\"wp-block-heading\">Pol\u00edtica de privacidad<\/h2>\n\n\n\n<h3 class=\"wp-block-heading\">Uso y tratamiento de datos de car\u00e1cter personal<\/h3>\n\n\n\n<p>Le informamos que los datos de car\u00e1cter personal que pudieran proporcionarse, a trav\u00e9s de este sitio web, as\u00ed como los que pudiera facilitar en el futuro en el marco de su relaci\u00f3n jur\u00eddica con esta entidad, ser\u00e1n incorporados a nuestra base de datos.<br><br>Se informa sobre los siguientes extremos relativos a la protecci\u00f3n de datos:<\/p>\n\n\n\n<ol class=\"wp-block-list\"><li><strong>Responsable del tratamiento:<\/strong> Somos responsables de los datos recogidos en el formulario correspondiente.<\/li><li><strong>Necesidad del tratamiento:<\/strong> La comunicaci\u00f3n de sus datos a trav\u00e9s del formulario correspondiente es obligatoria para podamos contactar.<\/li><li><strong>Finalidades del tratamiento y legitimaci\u00f3n del tratamiento:<\/strong><ul><li>Gestionar, administrar, prestarle los servicios o facilitarle los productos que solicite y, en su caso, para el cumplimiento y ejecuci\u00f3n de los contratos que pudiera celebrar, conocer mejor sus gustos, adecuar los servicios a sus preferencias.<\/li><li>Enviarle, por correo postal, correo electr\u00f3nico y otros medios de comunicaci\u00f3n electr\u00f3nica equivalente, comunicaciones comerciales y publicitarias sobre nuestros productos y\/o servicios.<\/li><\/ul><\/li><li><strong>Destinatarios:<\/strong> Contratamos con alguna entidad que prestan servicios como los de mantenimiento y hosting, a trav\u00e9s de contratos de encargo del tratamiento para dar soporte a los fines de tratamiento indicados.<\/li><li><strong>Plazo de conservaci\u00f3n de datos:<\/strong> Conservaremos sus datos mientras se mantenga el tratamiento y no solicite la supresi\u00f3n de los mismos.<\/li><li><strong>Derechos: <\/strong>Podr\u00e1 ejercitar los derechos de acceso, rectificaci\u00f3n, supresi\u00f3n, limitaci\u00f3n al tratamiento, oposici\u00f3n, portabilidad y derecho a no ser objeto de una decisi\u00f3n basada \u00fanicamente en el tratamiento automatizado, mediante comunicaci\u00f3n escrita al domicilio indicado en el aviso legal y a revocar su consentimiento sin efectos retroactivos u oponerse a la recepci\u00f3n de comunicaciones comerciales publicitarias por email y otros medios de comunicaci\u00f3n electr\u00f3nica equivalente, enviando y a presentar una reclamaci\u00f3n ante la Autoridad de control, en Espa\u00f1a, la Agencia Espa\u00f1ola de Protecci\u00f3n de Datos.<\/li><li><strong>Modificaci\u00f3n de la pol\u00edtica de privacidad: <\/strong>Nos reservamos el derecho a modificar su Pol\u00edtica de Privacidad, de acuerdo a nuestro propio criterio, o motivado por un cambio doctrinal de la Autoridad competente en Protecci\u00f3n de Datos, legislativo o jurisprudencial. El uso de la Web despu\u00e9s de dichos cambios implicar\u00e1 la aceptaci\u00f3n de \u00e9stos.<\/li><li><strong>Legislaci\u00f3n aplicable: <\/strong>Cualquier controversia que se derive del uso de este Site, ser\u00e1 regida, interpretada y sometida de acuerdo con las leyes de Espa\u00f1a.<\/li><\/ol>\n\n<\/div><\/div><\/div>\n<\/div>\n<\/div><\/div>","protected":false},"excerpt":{"rendered":"","protected":false},"author":1,"featured_media":0,"parent":0,"menu_order":0,"comment_status":"closed","ping_status":"closed","template":"","meta":{"_uag_custom_page_level_css":"","footnotes":""},"class_list":["post-128","page","type-page","status-publish"],"uagb_featured_image_src":{"full":false,"thumbnail":false,"medium":false,"medium_large":false,"large":false,"1536x1536":false,"2048x2048":false,"trp-custom-language-flag":false},"uagb_author_info":{"display_name":"Neus Prats","author_link":"https:\/\/arenest.com\/es\/author\/nparn22shp\/"},"uagb_comment_info":0,"uagb_excerpt":null,"_links":{"self":[{"href":"https:\/\/arenest.com\/es\/wp-json\/wp\/v2\/pages\/128","targetHints":{"allow":["GET"]}}],"collection":[{"href":"https:\/\/arenest.com\/es\/wp-json\/wp\/v2\/pages"}],"about":[{"href":"https:\/\/arenest.com\/es\/wp-json\/wp\/v2\/types\/page"}],"author":[{"embeddable":true,"href":"https:\/\/arenest.com\/es\/wp-json\/wp\/v2\/users\/1"}],"replies":[{"embeddable":true,"href":"https:\/\/arenest.com\/es\/wp-json\/wp\/v2\/comments?post=128"}],"version-history":[{"count":0,"href":"https:\/\/arenest.com\/es\/wp-json\/wp\/v2\/pages\/128\/revisions"}],"wp:attachment":[{"href":"https:\/\/arenest.com\/es\/wp-json\/wp\/v2\/media?parent=128"}],"curies":[{"name":"wp","href":"https:\/\/api.w.org\/{rel}","templated":true}]}}