{"id":194,"date":"2022-02-27T16:10:37","date_gmt":"2022-02-27T15:10:37","guid":{"rendered":"https:\/\/arenest.com\/?page_id=194"},"modified":"2022-03-01T13:34:50","modified_gmt":"2022-03-01T12:34:50","slug":"contacte","status":"publish","type":"page","link":"https:\/\/arenest.com\/es\/contacte\/","title":{"rendered":"Contacto"},"content":{"rendered":"<div class=\"gb-container gb-container-7dd4bef7\"><div class=\"gb-inside-container\">\n<div class=\"gb-grid-wrapper gb-grid-wrapper-fec215bd\">\n<div class=\"gb-grid-column gb-grid-column-f2c88c7d\"><div class=\"gb-container gb-container-f2c88c7d\"><div class=\"gb-inside-container\">\n\t\t\t<div \n\t\t\tclass=\"wp-block-uagb-google-map uagb-google-map__wrap uagb-block-c514cdb2     map-contact shadow-2\"\n\t\t\tstyle=\"\" >\n\t\t\t\t<embed\n\t\t\t\t\tclass=\"uagb-google-map__iframe\"\n\t\t\t\t\ttitle=\"Mapa de Google de\"\n\t\t\t\t\tsrc=\"https:\/\/maps.google.com\/maps?q=s%27Arenest&#038;z=15&#038;hl=ca&#038;t=m&#038;output=embed&#038;iwloc=near\"\n\t\t\t\t\twidth=\"640\"\n\t\t\t\t\theight=\"400\"\n\t\t\t\t\tloading=\"lazy\"\n\t\t\t\t><\/embed>\n\t\t\t<\/div>\n\t\t\t\n<\/div><\/div><\/div>\n<\/div>\n<\/div><\/div>\n\n<div class=\"gb-container gb-container-90fdd8bf\"><div class=\"gb-inside-container\">\n<div class=\"gb-grid-wrapper gb-grid-wrapper-da500477\">\n<div class=\"gb-grid-column gb-grid-column-206e666e\"><div class=\"gb-container gb-container-206e666e\"><div class=\"gb-inside-container\">\n\n<h3 class=\"gb-headline gb-headline-b288d417 gb-headline-text\">Contacte<\/h3>\n\n<\/div><\/div><\/div>\n<\/div>\n\n<div class=\"gb-grid-wrapper gb-grid-wrapper-4ec555fd\">\n<div class=\"gb-grid-column gb-grid-column-eb67cb80\"><div class=\"gb-container gb-container-eb67cb80\"><div class=\"gb-inside-container\">\n\n<h4 class=\"gb-headline gb-headline-61c359b4 gb-headline-text\">Direcci\u00f3 i tel\u00e9fon<\/h4>\n\n\n\n<p style=\"font-size:16px\">Avda. Diputat Josep Ribas Ribas, 28<br>07830 Sant Josep de sa Talaia<br>Tel\u00e8fon&nbsp;<strong>971 800380<\/strong><br>Whatsapp:&nbsp;<strong>682 275 739<\/strong><\/p>\n\n\n\n<h4 class=\"gb-headline gb-headline-ca7ad99c gb-headline-text\">Horari<\/h4>\n\n\n\n<p>De dilluns a Divendres<br>de 7:30 a 15:30 hrs<br>Dissabtes<br>de 8:00 a 12 hrs<br>Diumenges i Festius tancat<\/p>\n\n<\/div><\/div><\/div>\n\n<div class=\"gb-grid-column gb-grid-column-bdb2205f\"><div class=\"gb-container gb-container-bdb2205f\"><div class=\"gb-inside-container\">\n\n<h3 class=\"gb-headline gb-headline-f1b454de gb-headline-text\">Tamb\u00e9 pots omplir el formulari<\/h3>\n\n\n<div class='fluentform ff-default fluentform_wrapper_1  ff_guten_block ff_guten_block-1 ffs_default_wrap'><form data-form_id=\"1\" id=\"fluentform_1\" class=\"frm-fluent-form fluent_form_1 ff-el-form-top ff_form_instance_1_1 ff-form-loading ff_has_v3_recptcha ffs_default\" data-form_instance=\"ff_form_instance_1_1\" method=\"POST\" data-recptcha_key=\"6LfTPqkgAAAAAE3NMZbcTTB5hqeVq0i2vNffIAzY\" ><fieldset  style=\"border: none!important;margin: 0!important;padding: 0!important;background-color: transparent!important;box-shadow: none!important;outline: none!important; min-inline-size: 100%;\">\n                    <legend class=\"ff_screen_reader_title\" style=\"display: block; margin: 0!important;padding: 0!important;height: 0!important;text-indent: -999999px;width: 0!important;overflow:hidden;\">Formulario contacto<\/legend><input type='hidden' name='__fluent_form_embded_post_id' value='194' \/><input type=\"hidden\" id=\"_fluentform_1_fluentformnonce\" name=\"_fluentform_1_fluentformnonce\" value=\"b6a4e1bc96\" \/><input type=\"hidden\" name=\"_wp_http_referer\" value=\"\/es\/wp-json\/wp\/v2\/pages\/194\" \/><div data-type=\"name-element\" data-name=\"names\" class=\" ff-field_container ff-name-field-wrapper\" ><div class='ff-t-container'><div class='ff-t-cell '><div class='ff-el-group'><div class=\"ff-el-input--label ff-el-is-required asterisk-right\"><label for='ff_1_names_first_name_' id='label_ff_1_names_first_name_' >Nom<\/label><\/div><div class='ff-el-input--content'><input type=\"text\" name=\"names[first_name]\" id=\"ff_1_names_first_name_\" class=\"ff-el-form-control\" placeholder=\"Nom\" aria-invalid=\"false\" aria-required=true><\/div><\/div><\/div><div class='ff-t-cell '><div class='ff-el-group'><div class=\"ff-el-input--label asterisk-right\"><label for='ff_1_names_last_name_' id='label_ff_1_names_last_name_' >Cognoms<\/label><\/div><div class='ff-el-input--content'><input type=\"text\" name=\"names[last_name]\" id=\"ff_1_names_last_name_\" class=\"ff-el-form-control\" placeholder=\"Cognoms\" aria-invalid=\"false\" aria-required=false><\/div><\/div><\/div><\/div><\/div><div class='ff-el-group'><div class=\"ff-el-input--label ff-el-is-required asterisk-right\"><label for='ff_1_email' id='label_ff_1_email' aria-label=\"Email\">Email<\/label><\/div><div class='ff-el-input--content'><input type=\"email\" name=\"email\" id=\"ff_1_email\" class=\"ff-el-form-control\" placeholder=\"Email \" data-name=\"email\"  aria-invalid=\"false\" aria-required=true><\/div><\/div><div class='ff-el-group'><div class=\"ff-el-input--label asterisk-right\"><label for='ff_1_subject' id='label_ff_1_subject' aria-label=\"Assumpte\">Assumpte<\/label><\/div><div class='ff-el-input--content'><input type=\"text\" name=\"subject\" class=\"ff-el-form-control\" placeholder=\"Assumpte\" data-name=\"subject\" id=\"ff_1_subject\"  aria-invalid=\"false\" aria-required=false><\/div><\/div><div class='ff-el-group'><div class=\"ff-el-input--label ff-el-is-required asterisk-right\"><label for='ff_1_message' id='label_ff_1_message' aria-label=\"Missatge\">Missatge<\/label><\/div><div class='ff-el-input--content'><textarea aria-required=\"true\" aria-labelledby=\"label_ff_1_message\" name=\"message\" id=\"ff_1_message\" class=\"ff-el-form-control\" placeholder=\"Missatge\" rows=\"4\" cols=\"2\" data-name=\"message\" ><\/textarea><\/div><\/div><div class='ff-el-group    ff-el-input--content'><div class='ff-el-form-check ff-el-tc'><label aria-label='T\u00e9rminos y condiciones: He llegit i accepto la pol\u00edtica de privacitat. Contiene 1 enlace. Usa la navegaci\u00f3n por pesta\u00f1as para rese\u00f1ar.' class='ff-el-form-check-label ff_tc_label' for=gdpr-agreement_cd59c07a11748015a3cd561d567efe5c><span class='ff_tc_checkbox'><input type=\"checkbox\" name=\"gdpr-agreement\" class=\"ff-el-form-check-input ff_gdpr_field\" data-name=\"gdpr-agreement\" id=\"gdpr-agreement_cd59c07a11748015a3cd561d567efe5c\"  value='on' aria-invalid='false' aria-required=true><\/span> <div class='ff_t_c'>He llegit i accepto la <a href='https:\/\/arenest.com\/aviso-legal-y-privacidad\/'>pol\u00edtica de privacitat.<\/a><\/div><\/label><\/div><\/div><div class='ff-el-group ff-text-left ff_submit_btn_wrapper'><button type=\"submit\" class=\"ff-btn ff-btn-submit ff-btn-lg ff_btn_style wpf_has_custom_css\"  aria-label=\"Enviar\">Enviar<\/button><\/div><\/fieldset><\/form><div id='fluentform_1_errors' class='ff-errors-in-stack ff_form_instance_1_1 ff-form-loading_errors ff_form_instance_1_1_errors'><\/div><\/div>            <script type=\"text\/javascript\">\n                window.fluent_form_ff_form_instance_1_1 = {\"id\":\"1\",\"settings\":{\"layout\":{\"labelPlacement\":\"top\",\"helpMessagePlacement\":\"with_label\",\"errorMessagePlacement\":\"inline\",\"cssClassName\":\"\",\"asteriskPlacement\":\"asterisk-right\"},\"restrictions\":{\"denyEmptySubmission\":{\"enabled\":false}}},\"form_instance\":\"ff_form_instance_1_1\",\"form_id_selector\":\"fluentform_1\",\"rules\":{\"names[first_name]\":{\"required\":{\"value\":true,\"message\":\"Aquest camp es obligatori\"}},\"names[middle_name]\":{\"required\":{\"value\":false,\"message\":\"This field is required\"}},\"names[last_name]\":{\"required\":{\"value\":false,\"message\":\"This field is required\"}},\"email\":{\"required\":{\"value\":true,\"message\":\"Aquest camp es obligatori\"},\"email\":{\"value\":true,\"message\":\"S'ha d'ingresar un email valid\"}},\"subject\":{\"required\":{\"value\":false,\"message\":\"This field is required\"}},\"message\":{\"required\":{\"value\":true,\"message\":\"Aquest camp es obligatori\"}},\"gdpr-agreement\":{\"required\":{\"value\":true,\"message\":\"Aquest camp es obligatori\"}}},\"debounce_time\":300};\n                            <\/script>\n            \n\n\n<p class=\"gb-headline gb-headline-9ce8f797 gb-headline-text\">arenest.com l&#8217;informa que les dades de car\u00e0cter personal que proporcioni emplenant el present formulari seran tractades per Neus Prats Tur com a responsable d&#8217;aquesta web.&nbsp;<strong>Finalitat<\/strong>&nbsp;de la recollida i tractament de les dades personals: gestionar la consulta realitzada i contestar-hi al m\u00e9s aviat possible.&nbsp;<strong>Legitimaci\u00f3<\/strong>: Consentiment de l&#8217;interessat. El fet que no introdueixi les dades de car\u00e0cter personal que apareixen en el formulari com a obligatories podr\u00e0 tenir com a conseq\u00fc\u00e8ncia que no puguem atendre la seva sol\u00b7licitud. Com a usuari i interessat l&#8217;informo que les dades que facilita estaran situades en els servidors de Arsys (prove\u00efdor de hosting d&#8217;arenest.com) dins de la UE.&nbsp;<strong>Drets<\/strong>: Podr\u00e0 exercir els seus drets d&#8217;acc\u00e9s, rectificaci\u00f3, limitaci\u00f3 i suprimir les dades en infoarenest@gmail.com&nbsp;aix\u00ed com el dret a presentar una reclamaci\u00f3 davant una autoritat de control. Pot consultar la informaci\u00f3 addicional i detallada sobre Protecci\u00f3 de Dades en la p\u00e0gina web: arenest.com, aix\u00ed com consultar la nostra&nbsp;<a href=\"https:\/\/arenest.com\/aviso-legaly-privacidad\/\">pol\u00edtica de privacitat<\/a>.<\/p>\n\n<\/div><\/div><\/div>\n<\/div>\n<\/div><\/div>","protected":false},"excerpt":{"rendered":"","protected":false},"author":1,"featured_media":0,"parent":0,"menu_order":0,"comment_status":"closed","ping_status":"closed","template":"","meta":{"_uag_custom_page_level_css":"","footnotes":""},"class_list":["post-194","page","type-page","status-publish"],"uagb_featured_image_src":{"full":false,"thumbnail":false,"medium":false,"medium_large":false,"large":false,"1536x1536":false,"2048x2048":false,"trp-custom-language-flag":false},"uagb_author_info":{"display_name":"Neus Prats","author_link":"https:\/\/arenest.com\/es\/author\/nparn22shp\/"},"uagb_comment_info":0,"uagb_excerpt":null,"_links":{"self":[{"href":"https:\/\/arenest.com\/es\/wp-json\/wp\/v2\/pages\/194","targetHints":{"allow":["GET"]}}],"collection":[{"href":"https:\/\/arenest.com\/es\/wp-json\/wp\/v2\/pages"}],"about":[{"href":"https:\/\/arenest.com\/es\/wp-json\/wp\/v2\/types\/page"}],"author":[{"embeddable":true,"href":"https:\/\/arenest.com\/es\/wp-json\/wp\/v2\/users\/1"}],"replies":[{"embeddable":true,"href":"https:\/\/arenest.com\/es\/wp-json\/wp\/v2\/comments?post=194"}],"version-history":[{"count":0,"href":"https:\/\/arenest.com\/es\/wp-json\/wp\/v2\/pages\/194\/revisions"}],"wp:attachment":[{"href":"https:\/\/arenest.com\/es\/wp-json\/wp\/v2\/media?parent=194"}],"curies":[{"name":"wp","href":"https:\/\/api.w.org\/{rel}","templated":true}]}}